{"id":10,"date":"2019-10-09T15:28:43","date_gmt":"2019-10-09T15:28:43","guid":{"rendered":"http:\/\/impreza19.us-themes.com\/?page_id=10"},"modified":"2025-12-22T14:00:37","modified_gmt":"2025-12-22T17:00:37","slug":"conference","status":"publish","type":"page","link":"https:\/\/webmuseu.org\/covid-19\/","title":{"rendered":"Projeto Museus e Covid-19"},"content":{"rendered":"<section class=\"l-section wpb_row us_custom_b7a68ffe height_medium full_height valign_center with_img parallax_ver with_shape\"><div class=\"l-section-img\" role=\"img\" aria-label=\"Imagem\" data-img-width=\"1920\" data-img-height=\"1254\" style=\"background-image: url(https:\/\/webmuseu.org\/covid-19\/wp-content\/uploads\/sites\/4\/2020\/04\/webmuseu_museu_covid19_lockdown.jpg);background-repeat: no-repeat;\"><\/div><div class=\"l-section-overlay\" style=\"background:rgba(0,0,0,0.75)\"><\/div><div class=\"l-section-shape type_triangle pos_bottom\" style=\"height:15vh#ffffff;color:#2b2b2b\"><svg xmlns=\"http:\/\/www.w3.org\/2000\/svg\" viewBox=\"0 0 64 8\" preserveAspectRatio=\"none\" width=\"100%\" height=\"100%\">\r\n\t<path fill=\"currentColor\" d=\"M64 8 L0 8 L0 0 L32 7.9 L64 0 Z\"\/>\r\n<\/svg><\/div><div class=\"l-section-h i-cf\"><div class=\"g-cols vc_row via_flex valign_top type_default stacking_default\"><div class=\"vc_col-sm-12 wpb_column vc_column_container\"><div class=\"vc_column-inner\"><div class=\"wpb_wrapper\"><div class=\"wpb_text_column\"><div class=\"wpb_wrapper\"><h1 style=\"text-align: center;\">Museus e Covid-19<\/h1>\n<\/div><\/div><div class=\"w-separator size_small\"><\/div><div class=\"w-btn-wrapper align_center\"><a class=\"w-btn us-btn-style_1 us_custom_36125573\" target=\" _blank\" rel=\"nofollow\" href=\"https:\/\/archive.org\/details\/@museums_covid-19?tab=web-archive\"><span class=\"w-btn-label\">Internet Archive<\/span><\/a><\/div><\/div><\/div><\/div><\/div><\/div><\/section><section class=\"l-section wpb_row height_large\" id=\"projeto\"><div class=\"l-section-h i-cf\"><div class=\"g-cols vc_row via_flex valign_top type_default stacking_default\"><div class=\"vc_col-sm-12 wpb_column vc_column_container\"><div class=\"vc_column-inner\"><div class=\"wpb_wrapper\"><div class=\"wpb_text_column\"><div class=\"wpb_wrapper\"><h3 style=\"text-align: center;\">Este projeto pretende avaliar o impacto do Coronav\u00edrus nos museus, registrar as publica\u00e7\u00f5es e a\u00e7\u00f5es decorrentes da Covid-19, bem como indicar recursos \u00fateis para as institui\u00e7\u00f5es no enfrentamento da pandemia.<\/h3>\n<\/div><\/div><div class=\"w-separator size_custom\" style=\"height:7vmax\"><\/div><div class=\"g-cols wpb_row via_flex valign_top type_default stacking_default\"><div class=\"vc_col-sm-4 wpb_column vc_column_container\"><div class=\"vc_column-inner\"><div class=\"wpb_wrapper\"><div class=\"w-separator size_small\"><\/div><div class=\"wpb_text_column\"><div class=\"wpb_wrapper\"><h3>Internet Archive<\/h3>\n<p>No Internet Archive, estruturamos o <a href=\"https:\/\/archive.org\/details\/@museums_covid-19?tab=web-archive\" target=\"_blank\" rel=\"noopener noreferrer\">Museums and Covid-19<\/a>, onde ser\u00e3o registrados documentos, manifesta\u00e7\u00f5es institucionais e\/ou governamentais, artigos de jornal e websites diversos, dentre outras imagens relativas aos museus e ao novo Coronav\u00edrus. Um backup da cole\u00e7\u00e3o, para nossas pesquisas futuras, ser\u00e1 armazenado em banco de dados pr\u00f3prio.<\/p>\n<\/div><\/div><\/div><\/div><\/div><div class=\"vc_col-sm-8 wpb_column vc_column_container\"><div class=\"vc_column-inner\"><div class=\"wpb_wrapper\"><div class=\"w-slider style_none fit_scaledown nav_dots count_3\"><div class=\"w-slider-h\" aria-hidden=\"true\"><div class=\"royalSlider\"><div class=\"rsContent\"><a class=\"rsImg\" data-rsw=\"1203\" data-rsh=\"751\" data-rsBigImg=\"https:\/\/webmuseu.org\/covid-19\/wp-content\/uploads\/sites\/4\/2020\/04\/museums_covid19_internet_archive_calendar.png\" href=\"https:\/\/webmuseu.org\/covid-19\/wp-content\/uploads\/sites\/4\/2020\/04\/museums_covid19_internet_archive_calendar.png\"><span data-alt=\"\"><\/span><\/a><\/div><div class=\"rsContent\"><a class=\"rsImg\" data-rsw=\"1000\" data-rsh=\"461\" data-rsBigImg=\"https:\/\/webmuseu.org\/covid-19\/wp-content\/uploads\/sites\/4\/2020\/04\/museums_covid19_internet_achive_icom.png\" href=\"https:\/\/webmuseu.org\/covid-19\/wp-content\/uploads\/sites\/4\/2020\/04\/museums_covid19_internet_achive_icom.png\"><span data-alt=\"\"><\/span><\/a><\/div><div class=\"rsContent\"><a class=\"rsImg\" data-rsw=\"800\" data-rsh=\"374\" data-rsBigImg=\"https:\/\/webmuseu.org\/covid-19\/wp-content\/uploads\/sites\/4\/2020\/07\/collections_in_lockdown_collections_trust.jpg\" href=\"https:\/\/webmuseu.org\/covid-19\/wp-content\/uploads\/sites\/4\/2020\/07\/collections_in_lockdown_collections_trust.jpg\"><span data-alt=\"\"><\/span><\/a><\/div><\/div><img decoding=\"async\" src=\"https:\/\/webmuseu.org\/covid-19\/wp-content\/uploads\/sites\/4\/2020\/04\/museums_covid19_internet_archive_calendar.png\" width=\"1203\" height=\"751\" alt loading=\"lazy\"><\/div><div class=\"w-slider-json\" onclick='return {&quot;autoScaleSlider&quot;:true,&quot;addActiveClass&quot;:true,&quot;loop&quot;:true,&quot;fadeInLoadedSlide&quot;:false,&quot;slidesSpacing&quot;:0,&quot;imageScalePadding&quot;:0,&quot;numImagesToPreload&quot;:2,&quot;arrowsNav&quot;:true,&quot;arrowsNavAutoHide&quot;:true,&quot;transitionType&quot;:&quot;fade&quot;,&quot;transitionSpeed&quot;:100,&quot;block&quot;:{&quot;moveEffect&quot;:&quot;none&quot;,&quot;speed&quot;:300},&quot;thumbs&quot;:{&quot;fitInViewport&quot;:false,&quot;firstMargin&quot;:false,&quot;spacing&quot;:4},&quot;controlNavigation&quot;:&quot;bullets&quot;,&quot;autoplay&quot;:{&quot;enabled&quot;:true,&quot;pauseOnHover&quot;:true,&quot;delay&quot;:8000},&quot;fullscreen&quot;:{&quot;enabled&quot;:true},&quot;autoScaleSliderWidth&quot;:1203,&quot;autoScaleSliderHeight&quot;:751}'><\/div><\/div><\/div><\/div><\/div><\/div><\/div><\/div><\/div><\/div><\/div><\/section><section class=\"l-section wpb_row us_custom_68ec3198 height_large with_img parallax_ver\" id=\"recursos\"><div class=\"l-section-img\" role=\"img\" aria-label=\"Imagem\" data-img-width=\"1280\" data-img-height=\"962\" style=\"background-image: url(https:\/\/webmuseu.org\/covid-19\/wp-content\/uploads\/sites\/4\/2020\/04\/webmuseu_british_museum_covid19.jpg);background-position: bottom center;background-repeat: no-repeat;\"><\/div><div class=\"l-section-overlay\" style=\"background:rgba(0,0,0,0.80)\"><\/div><div class=\"l-section-h i-cf\"><div class=\"g-cols vc_row via_flex valign_top type_default stacking_default\"><div class=\"vc_col-sm-12 wpb_column vc_column_container\"><div class=\"vc_column-inner\"><div class=\"wpb_wrapper\"><div class=\"wpb_text_column\"><div class=\"wpb_wrapper\"><h2 style=\"text-align: center;\">Recursos para Museus<\/h2>\n<\/div><\/div><div class=\"w-separator size_large\"><\/div><div class=\"g-cols wpb_row via_flex valign_top type_default stacking_default\"><div class=\"vc_col-sm-4 wpb_column vc_column_container\"><div class=\"vc_column-inner\"><div class=\"wpb_wrapper\"><div class=\"wpb_text_column\"><div class=\"wpb_wrapper\"><h4>Guias sobre Covid-19<\/h4>\n<p>Recursos, guias e manuais elaborados por organiza\u00e7\u00f5es vinculadas ao patrim\u00f4nio cultural, objetivando auxiliar os museus no enfrentamento da Covid-19 em todos os \u00e2mbitos: seguran\u00e7a das cole\u00e7\u00f5es, presen\u00e7a on-line, sustentabilidade econ\u00f4mica, etc.<\/p>\n<\/div><\/div><\/div><\/div><\/div><div class=\"vc_col-sm-4 wpb_column vc_column_container\"><div class=\"vc_column-inner\"><div class=\"wpb_wrapper\"><div class=\"wpb_text_column\"><div class=\"wpb_wrapper\"><h4>Plugins Covid-19<\/h4>\n<p>Curadoria de plugins WordPress \u00fateis neste per\u00edodo de pandemia: Schema Covid-19, estat\u00edsticas do novo Coronav\u00edrus, banners com recomenda\u00e7\u00f5es da OMS, gest\u00e3o de projetos para trabalho remoto, cole\u00e7\u00f5es on-line, etc. Primeiros resultados abaixo.<\/p>\n<\/div><\/div><\/div><\/div><\/div><div class=\"vc_col-sm-4 wpb_column vc_column_container\"><div class=\"vc_column-inner\"><div class=\"wpb_wrapper\"><div class=\"wpb_text_column\"><div class=\"wpb_wrapper\"><h4>Recursos Web para GLAM<\/h4>\n<p>Os recursos deste projeto podem auxiliar os museus na amplia\u00e7\u00e3o da sua divulga\u00e7\u00e3o cient\u00edfica e presen\u00e7a digital na Web. Atualmente j\u00e1 est\u00e3o dispon\u00edveis recursos sobre a Covid-19, ciberseguran\u00e7a, privacidade e WordPress.<\/p>\n<\/div><\/div><\/div><\/div><\/div><\/div><\/div><\/div><\/div><\/div><\/div><\/section><section class=\"l-section wpb_row height_large\" id=\"ajudar\"><div class=\"l-section-h i-cf\"><div class=\"g-cols vc_row via_flex valign_top type_default stacking_default\"><div class=\"vc_col-sm-12 wpb_column vc_column_container\"><div class=\"vc_column-inner\"><div class=\"wpb_wrapper\"><div class=\"wpb_text_column\"><div class=\"wpb_wrapper\"><h2 style=\"text-align: center;\">Como ajudar os museus?<\/h2>\n<\/div><\/div><div class=\"w-separator size_large\"><\/div><div class=\"g-cols wpb_row via_flex valign_top type_default stacking_default\"><div class=\"vc_col-sm-6 wpb_column vc_column_container\"><div class=\"vc_column-inner\"><div class=\"wpb_wrapper\"><div class=\"wpb_text_column\"><div class=\"wpb_wrapper\"><h3>Doa\u00e7\u00f5es financeiras<\/h3>\n<p>A maioria dos museus brasileiros \u00e9 de pequeno porte e est\u00e1 em dificuldades para arcar com o sal\u00e1rio de funcion\u00e1rios e estagi\u00e1rios. Muitas institui\u00e7\u00f5es est\u00e3o dispensando sua equipe em plena pandemia, pois dependiam das receitas geradas por seus visitantes (bilheteria, loja, caf\u00e9, eventos pagos ou patrocinados, etc.). Entre em contato com os seus museus preferidos pela Internet (ou identifique uma institui\u00e7\u00e3o no <a href=\"http:\/\/museus.cultura.gov.br\/\" target=\"_blank\" rel=\"noopener noreferrer\">Museus BR<\/a>) e verifique como fazer uma doa\u00e7\u00e3o. Colabore, ainda, na estrutura\u00e7\u00e3o e divulga\u00e7\u00e3o de campanhas de financiamento coletivo, capta\u00e7\u00e3o de recursos, divulga\u00e7\u00e3o de projetos e cursos on-line que por ventura o museu possa vir a oferecer.<\/p>\n<h3>Press\u00e3o sobre os patrocinadores<\/h3>\n<p>Por meio das leis de incentivo \u00e0 cultura e ren\u00fancia fiscal, as empresas brasileiras e internacionais se beneficiaram (e muito) do marketing cultural, realizado atrav\u00e9s dos museus e exposi\u00e7\u00f5es. Deixe claro para os patrocinadores de seus museus preferidos que a rescis\u00e3o de contratos e dispensa de funcion\u00e1rios, neste momento de pandemia, \u00e9 um p\u00e9ssimo neg\u00f3cio para a imagem e a marca destas empresas. Caso tome conhecimento de dispensas, pressione atrav\u00e9s de e-mails, telefone e redes sociais. Utilize as hashtags das empresas em suas postagens sobre os museus.<\/p>\n<h3>Oportunidades de trabalho<\/h3>\n<p>Com o fechamento, diversas institui\u00e7\u00f5es est\u00e3o dispensando seus profissionais e estagi\u00e1rios, que agora, em plena pandemia, encontram-se sem meios de subsist\u00eancia. Se voc\u00ea pode gerar empregos ou conhece quem tem vagas dispon\u00edveis, entre em contato com os funcion\u00e1rios dispensados e auxilie neste processo de realoca\u00e7\u00e3o. Os profissionais de museus s\u00e3o capacitados e polivalentes, possuindo habilidades e compet\u00eancias intercambi\u00e1veis com diversas outras posi\u00e7\u00f5es no mercado de trabalho.<\/p>\n<p>Se\u00e7\u00e3o &#8220;Como ajudar os museus?&#8221; &#8211; Direitos autorais liberados: Dom\u00ednio P\u00fablico &#8211; Fique livre para reproduzir e alterar<\/p>\n<\/div><\/div><\/div><\/div><\/div><div class=\"vc_col-sm-6 wpb_column vc_column_container\"><div class=\"vc_column-inner\"><div class=\"wpb_wrapper\"><div class=\"wpb_text_column\"><div class=\"wpb_wrapper\"><h3>Visitas On-line<\/h3>\n<p>Uma forma dos museus se manterem conectados com seu p\u00fablico, cumprindo sua fun\u00e7\u00e3o social, \u00e9 atrav\u00e9s da Internet. Visite os seus museus preferidos virtualmente: websites, cole\u00e7\u00f5es on-line e\/ou redes sociais. Seja um frequentador ass\u00edduo de suas plataformas, bem como compartilhe o material produzido pelas equipes do museu, adicionando ainda as respectivas hashtags das institui\u00e7\u00f5es, seus projetos e patrocinadores. Assim, n\u00e3o s\u00f3 voc\u00ea estar\u00e1 adquirindo conhecimento e cultura, como ajudar\u00e1 o museu a se manter relevante e a obter recursos financeiros, via marketing digital.<\/p>\n<h3>Voluntariado<\/h3>\n<p>Neste momento, os museus (especialmente os pequenos) precisam de especialistas em web design, design gr\u00e1fico, provedor de Internet, etc. Muitas institui\u00e7\u00f5es possuem uma equipe preparada para produzir conte\u00fado on-line de qualidade, por\u00e9m n\u00e3o conta com profissionais de TI ou recursos para a terceiriza\u00e7\u00e3o deste servi\u00e7o. Voc\u00ea pode ajudar seus museus preferidos na amplia\u00e7\u00e3o de sua presen\u00e7a na Web, fideliza\u00e7\u00e3o de visitantes, divulga\u00e7\u00e3o institucional, atra\u00e7\u00e3o de patrocinadores e cumprimento de sua fun\u00e7\u00e3o social neste per\u00edodo de pandemia. Os museus provavelmente precisam, ainda, de pessoas especializadas em marketing, capta\u00e7\u00e3o de recursos, gest\u00e3o de crise e seguran\u00e7a (f\u00edsica e cibern\u00e9tica).<\/p>\n<h3>Seguran\u00e7a f\u00edsica<\/h3>\n<p>Caso voc\u00ea trabalhe ou resida pr\u00f3ximo a um museu, mantenha-se sempre atento \u00e0 movimenta\u00e7\u00f5es estranhas, pessoas paradas perto da institui\u00e7\u00e3o sem motivo aparente, janelas ou outros itens quebrados, bem como qualquer ind\u00edcio de que a seguran\u00e7a do museu possa ter sido violada. Mantenha consigo os contatos da institui\u00e7\u00e3o e avise seus dirigentes e a pol\u00edcia em caso de suspeitas. Ajude a salvaguardar o nosso patrim\u00f4nio cultural, nossa hist\u00f3ria e nossos preciosos acervos!<\/p>\n<\/div><\/div><\/div><\/div><\/div><\/div><\/div><\/div><\/div><\/div><\/div><\/section><section class=\"l-section wpb_row height_large with_img parallax_ver\"><div class=\"l-section-img\" role=\"img\" aria-label=\"Imagem\" data-img-width=\"1172\" data-img-height=\"427\" style=\"background-image: url(https:\/\/webmuseu.org\/covid-19\/wp-content\/uploads\/sites\/4\/2020\/04\/webmuseu_louvre_covid19.jpg);background-position: bottom center;background-repeat: no-repeat;\"><\/div><div class=\"l-section-overlay\" style=\"background:rgba(0,0,0,0.75)\"><\/div><div class=\"l-section-h i-cf\"><div class=\"g-cols vc_row via_flex valign_top type_default stacking_default\"><div class=\"vc_col-sm-12 wpb_column vc_column_container\"><div class=\"vc_column-inner\"><div class=\"wpb_wrapper\"><div class=\"wpb_text_column\"><div class=\"wpb_wrapper\"><h2 style=\"text-align: center;\">Utilize as Hashtags<\/h2>\n<\/div><\/div><div class=\"w-separator size_large\"><\/div><div class=\"g-cols wpb_row via_flex valign_top type_default stacking_default\"><div class=\"vc_col-sm-3 wpb_column vc_column_container\"><div class=\"vc_column-inner\"><div class=\"wpb_wrapper\"><div class=\"wpb_text_column\"><div class=\"wpb_wrapper\"><h4 style=\"text-align: center;\">#MuseusEmCasa<\/h4>\n<\/div><\/div><\/div><\/div><\/div><div class=\"vc_col-sm-3 wpb_column vc_column_container\"><div class=\"vc_column-inner\"><div class=\"wpb_wrapper\"><div class=\"wpb_text_column\"><div class=\"wpb_wrapper\"><h4 style=\"text-align: center;\">#MuseumFromHome<\/h4>\n<\/div><\/div><\/div><\/div><\/div><div class=\"vc_col-sm-3 wpb_column vc_column_container\"><div class=\"vc_column-inner\"><div class=\"wpb_wrapper\"><div class=\"wpb_text_column\"><div class=\"wpb_wrapper\"><h4 style=\"text-align: center;\">#FiqueEmCasa<\/h4>\n<\/div><\/div><\/div><\/div><\/div><div class=\"vc_col-sm-3 wpb_column vc_column_container\"><div class=\"vc_column-inner\"><div class=\"wpb_wrapper\"><div class=\"wpb_text_column\"><div class=\"wpb_wrapper\"><h4 style=\"text-align: center;\">#StayHome<\/h4>\n<\/div><\/div><\/div><\/div><\/div><\/div><\/div><\/div><\/div><\/div><\/div><\/section><section class=\"l-section wpb_row height_small color_footer-bottom\"><div class=\"l-section-h i-cf\"><div class=\"g-cols vc_row via_flex valign_top type_default stacking_default\"><div class=\"vc_col-sm-12 wpb_column vc_column_container\"><div class=\"vc_column-inner\"><div class=\"wpb_wrapper\"><div class=\"wpb_text_column\"><div class=\"wpb_wrapper\"><p style=\"text-align: center;\">\u00a9 2020-2026 <a href=\"https:\/\/webmuseu.org\/\" target=\"_blank\" rel=\"noopener noreferrer\">Webmuseu<\/a> &#8211; <a href=\"https:\/\/anacecilia.digital\/politicas\/\">Privacidade e Termos de Uso<\/a><\/p>\n<\/div><\/div><\/div><\/div><\/div><\/div><\/div><\/section>\n","protected":false},"excerpt":{"rendered":"Museus e Covid-19 Internet ArchiveEste projeto pretende avaliar o impacto do Coronav\u00edrus nos museus, registrar as publica\u00e7\u00f5es e a\u00e7\u00f5es decorrentes da Covid-19, bem como indicar recursos \u00fateis para as institui\u00e7\u00f5es no enfrentamento da pandemia. Internet Archive No Internet Archive, estruturamos o Museums and Covid-19, onde ser\u00e3o registrados documentos, manifesta\u00e7\u00f5es institucionais e\/ou governamentais, artigos de jornal...","protected":false},"author":1,"featured_media":344,"parent":0,"menu_order":1,"comment_status":"closed","ping_status":"closed","template":"","meta":{"footnotes":""},"class_list":["post-10","page","type-page","status-publish","has-post-thumbnail","hentry"],"_links":{"self":[{"href":"https:\/\/webmuseu.org\/covid-19\/wp-json\/wp\/v2\/pages\/10","targetHints":{"allow":["GET"]}}],"collection":[{"href":"https:\/\/webmuseu.org\/covid-19\/wp-json\/wp\/v2\/pages"}],"about":[{"href":"https:\/\/webmuseu.org\/covid-19\/wp-json\/wp\/v2\/types\/page"}],"author":[{"embeddable":true,"href":"https:\/\/webmuseu.org\/covid-19\/wp-json\/wp\/v2\/users\/1"}],"replies":[{"embeddable":true,"href":"https:\/\/webmuseu.org\/covid-19\/wp-json\/wp\/v2\/comments?post=10"}],"version-history":[{"count":237,"href":"https:\/\/webmuseu.org\/covid-19\/wp-json\/wp\/v2\/pages\/10\/revisions"}],"predecessor-version":[{"id":574,"href":"https:\/\/webmuseu.org\/covid-19\/wp-json\/wp\/v2\/pages\/10\/revisions\/574"}],"wp:featuredmedia":[{"embeddable":true,"href":"https:\/\/webmuseu.org\/covid-19\/wp-json\/wp\/v2\/media\/344"}],"wp:attachment":[{"href":"https:\/\/webmuseu.org\/covid-19\/wp-json\/wp\/v2\/media?parent=10"}],"curies":[{"name":"wp","href":"https:\/\/api.w.org\/{rel}","templated":true}]}}