{"id":549,"date":"2020-10-28T18:46:14","date_gmt":"2020-10-28T21:46:14","guid":{"rendered":"https:\/\/webmuseu.org\/covid-19\/?page_id=549"},"modified":"2020-10-28T18:49:36","modified_gmt":"2020-10-28T21:49:36","slug":"projeto-museus-e-covid-19-sobre-branco","status":"publish","type":"page","link":"https:\/\/webmuseu.org\/covid-19\/projeto-museus-e-covid-19-sobre-branco\/","title":{"rendered":"Projeto Museus e Covid-19 &#8211; Sobre Branco"},"content":{"rendered":"<section class=\"l-section wpb_row us_custom_bf8aeff9 has_text_color height_large\"><div class=\"l-section-h i-cf\"><div class=\"g-cols vc_row via_flex valign_top type_default stacking_default\"><div class=\"vc_col-sm-12 wpb_column vc_column_container\"><div class=\"vc_column-inner\"><div class=\"wpb_wrapper\"><div class=\"wpb_text_column\"><div class=\"wpb_wrapper\"><h3>Museus e Covid-19<\/h3>\n<\/div><\/div><div class=\"w-separator size_medium\"><\/div><div class=\"wpb_text_column\"><div class=\"wpb_wrapper\"><h3>Projeto<\/h3>\n<p>Este projeto pretende avaliar o impacto do novo Coronav\u00edrus nos museus, registrar as publica\u00e7\u00f5es e a\u00e7\u00f5es decorrentes da Covid-19, bem como indicar recursos \u00fateis para as institui\u00e7\u00f5es no enfrentamento da pandemia.<\/p>\n<h3>Cole\u00e7\u00e3o On-line<\/h3>\n<p>No Internet Archive, estruturamos o\u00a0<a href=\"https:\/\/archive.org\/details\/@museums_covid-19?tab=web-archive\" target=\"_blank\" rel=\"noopener noreferrer\">Museums and Covid-19<\/a>, onde registramos documentos, manifesta\u00e7\u00f5es institucionais e\/ou governamentais, artigos de jornal e websites diversos, dentre outros conte\u00fados relativos aos museus e ao novo Coronav\u00edrus.<\/p>\n<p>Um backup da cole\u00e7\u00e3o, para nossas pesquisas futuras, est\u00e1 sendo armazenado em banco de dados pr\u00f3prio. Neste local registramos, ainda, as imagens, fotografias e os prints de redes sociais coletados neste per\u00edodo.<\/p>\n<h4>O que \u00e9 o Internet Archive?<\/h4>\n<p>O Internet Archive \u00e9 uma biblioteca digital sem fins lucrativos fundada em 1996, possuindo atualmente bilh\u00f5es de websites, milh\u00f5es de livros, dentre outros objetos digitais. Os usu\u00e1rios tamb\u00e9m podem fazer seus registros e uploads gratuitamente.<\/p>\n<p>Digitando-se uma URL na <a href=\"https:\/\/archive.org\/web\/\" target=\"_blank\" rel=\"noopener noreferrer\">Wayback Machine<\/a> do Internet Archive \u00e9 poss\u00edvel visualizar a evolu\u00e7\u00e3o do web design e conte\u00fado de um website, atrav\u00e9s dos diversos registros salvos ao longo do tempo. Por exemplo, acesse este link para visitar a<a href=\"https:\/\/web.archive.org\/web\/20001018023317\/http:\/\/www.ufmg.br\/\" target=\"_blank\" rel=\"noopener noreferrer\"> linha do tempo da UFMG<\/a> e conferir como era sua p\u00e1gina principal na virada do mil\u00eanio.<\/p>\n<p><strong>Museums and Covid-19<\/strong><\/p>\n<p><a href=\"https:\/\/archive.org\/details\/@museums_covid-19\" target=\"_blank\" rel=\"noopener noreferrer\">https:\/\/archive.org\/details\/@museums_covid-19<\/a> (Uploads de Documentos em PDF)<\/p>\n<p><a href=\"https:\/\/archive.org\/details\/@museums_covid-19?tab=web-archive\" target=\"_blank\" rel=\"noopener noreferrer\">https:\/\/archive.org\/details\/@museums_covid-19?tab=web-archive<\/a> (Web Archive de artigos de jornais, websites e blogs)<\/p>\n<h4>O que est\u00e1 sendo registrado?<\/h4>\n<p>Praticamente tudo que encontramos sobre os museus e a pandemia est\u00e1 sendo inclu\u00eddo, tais como not\u00edcias sobre gest\u00e3o, demiss\u00f5es, fechamentos, reaberturas, finan\u00e7as, etc. O \u00fanico tema que n\u00e3o temos registrado integralmente s\u00e3o not\u00edcias sobre exposi\u00e7\u00f5es e eventos culturais on-line. Todos os dias os jornais divulgam alguma atividade na Web, n\u00e3o raro, de forma repetida, abordando os mesmos museus e programas.<\/p>\n<p>Ent\u00e3o, neste t\u00f3pico espec\u00edfico (eventos e exposi\u00e7\u00f5es on-line), selecionamos apenas algumas reportagens, especialmente aquelas que fazem um apanhado geral com v\u00e1rios museus e exposi\u00e7\u00f5es ao mesmo tempo.<\/p>\n<p>Sobre os demais temas relativos aos museus e Covid-19, registramos: conte\u00fados publicados nas mais de trinta fontes selecionadas pela pesquisa, links que s\u00e3o compartilhados nas redes sociais monitoradas pelo projeto ou para n\u00f3s encaminhados.<\/p>\n<p>O conte\u00fado \u00e9 adicionado no Internet Archive em blocos, incluindo as publica\u00e7\u00f5es da referida fonte desde a \u00faltima consulta, de modo retroativo.<\/p>\n<h4>\u00c9 realizada alguma curadoria de conte\u00fado ou ju\u00edzo de valor sobre o que \u00e9 registrado no Internet Archive?<\/h4>\n<p>Neste momento da pesquisa, n\u00e3o. A \u00fanica curadoria \u00e9 procurar n\u00e3o registrar artigos contendo <em>fake news<\/em>\u00a0ou de origem explicitamente duvidosa. Se constatamos que \u00e9 uma not\u00edcia maliciosa, ser\u00e1 registrado em outro subprojeto (Museus e <em>Fake News<\/em>) e n\u00e3o neste sobre a Covid-19 no Internet Archive.<\/p>\n<p>Assim, em termos de conte\u00fado, n\u00e3o \u00e9 feita nenhuma curadoria: concordando ou n\u00e3o concordando com o teor do artigo ou publica\u00e7\u00e3o, ele ser\u00e1 registrado do mesmo modo.<\/p>\n<p>A proposta \u00e9 estruturar um reposit\u00f3rio o mais completo poss\u00edvel da pandemia, no que tange aos museus, para que possamos analisar este material no futuro.<\/p>\n<h4>Como este material ser\u00e1 trabalhado no futuro?<\/h4>\n<p>Interessa-nos, especialmente, os artigos com relatos de situa\u00e7\u00e3o e an\u00e1lises sobre os impactos da pandemia nos museus e na cultura, envolvendo gest\u00e3o, sustentabilidade (financeira, ambiental, de p\u00fablico, etc.), regras de funcionamento e visita\u00e7\u00e3o, objetivos institucionais, presen\u00e7a on-line, digitaliza\u00e7\u00e3o e disponibiliza\u00e7\u00e3o de acervo na Web, dentre outros.<\/p>\n<p>Ent\u00e3o, no futuro, pretendemos conduzir uma meta-an\u00e1lise, avaliando como estas an\u00e1lises descreviam a situa\u00e7\u00e3o dos museus (imersos na pandemia), o que de fato aconteceu (posterior \u00e0 pandemia) e quais mudan\u00e7as e li\u00e7\u00f5es podemos extrair de todo esse enorme desafio.<\/p>\n<p>Devido ao grande volume de material coletado, este arquivo ser\u00e1 pesquisado tamb\u00e9m com uso de Intelig\u00eancia Artificial e <em>Machine Learning<\/em>.<\/p>\n<h3>Recursos<\/h3>\n<h4>Guias e Recursos sobre Covid-19<\/h4>\n<p>Listagem dos principais recursos, guias e manuais elaborados por organiza\u00e7\u00f5es vinculadas ao patrim\u00f4nio cultural, objetivando auxiliar os museus no enfrentamento da Covid-19 em todos os \u00e2mbitos: seguran\u00e7a das cole\u00e7\u00f5es, presen\u00e7a on-line, sustentabilidade econ\u00f4mica, etc.<\/p>\n<p>Confira a lista: <a href=\"https:\/\/webmuseu.org\/recursos\/covid-19-referencias-guias-e-recursos-para-museus\/\" target=\"_blank\" rel=\"noopener noreferrer\">https:\/\/webmuseu.org\/recursos\/covid-19-referencias-guias-e-recursos-para-museus\/<\/a><\/p>\n<h4>Plugins para WordPress<\/h4>\n<p>Curadoria de plugins WordPress \u00fateis neste per\u00edodo de pandemia: estat\u00edsticas do novo Coronav\u00edrus, banners com recomenda\u00e7\u00f5es da OMS, gest\u00e3o de projetos para trabalho remoto, cole\u00e7\u00f5es on-line, Schema Covid-19, etc. Primeira listagem publicadas abaixo.<\/p>\n<p>Plugins gratuitos com estat\u00edsticas, banners e mapas da Covid-19: <a href=\"https:\/\/webmuseu.org\/recursos\/covid-19-curadoria-plugins-banners-estatisticas-mapas\/\" target=\"_blank\" rel=\"noopener noreferrer\">https:\/\/webmuseu.org\/recursos\/covid-19-curadoria-plugins-banners-estatisticas-mapas\/<\/a><\/p>\n<h4>Privacidade e ferramentas para EAD e Home Office<\/h4>\n<p>Al\u00e9m de uma reflex\u00e3o sobre os perigos da perda de privacidade on-line nesta pandemia, apresentamos recomenda\u00e7\u00f5es para universidades, institui\u00e7\u00f5es culturais e usu\u00e1rios de Internet (todos n\u00f3s). Disponibilizamos, ainda, uma lista de sugest\u00f5es de ferramentas para ensino remoto, comunica\u00e7\u00e3o, produ\u00e7\u00e3o de m\u00eddias, reuni\u00f5es on-line, videoconfer\u00eancia e transmiss\u00f5es ao vivo.<\/p>\n<p>Acesse no link: <a href=\"https:\/\/webmuseu.org\/recursos\/covid-19-curadoria-ciberseguranca-privacidade-e-recursos-para-home-office-e-ead\/\" target=\"_blank\" rel=\"noopener noreferrer\">https:\/\/webmuseu.org\/recursos\/covid-19-curadoria-ciberseguranca-privacidade-e-recursos-para-home-office-e-ead\/<\/a><\/p>\n<h4>Recursos Web para GLAM<\/h4>\n<p>Os demais recursos deste projeto podem auxiliar as GLAMs (galerias, bibliotecas, arquivos e museus) na amplia\u00e7\u00e3o da sua divulga\u00e7\u00e3o cient\u00edfica e presen\u00e7a digital na Web. Atualmente j\u00e1 est\u00e3o dispon\u00edveis recursos sobre a Covid-19, Ciberseguran\u00e7a e WordPress.<\/p>\n<p>Website do projeto: <a href=\"https:\/\/webmuseu.org\/recursos\/\" target=\"_blank\" rel=\"noopener noreferrer\">https:\/\/webmuseu.org\/recursos\/<\/a><\/p>\n<h3>Contato<\/h3>\n<p>Ana Cec\u00edlia Rocha Veiga &#8211; Coordenadora do projeto, Professora Adjunta na Escola de Ci\u00eancia da Informa\u00e7\u00e3o da UFMG<br \/>\n<a href=\"https:\/\/webmuseu.org\/ana-cecilia-veiga\/\" target=\"_blank\" rel=\"noopener noreferrer\">webmuseu.org\/ana-cecilia-veiga<\/a>\u00a0 \u00a0<a href=\"mailto:anacecilia@ufmg.br\" target=\"_blank\" rel=\"noopener noreferrer\">anacecilia@ufmg.br<\/a><\/p>\n<h3>Realiza\u00e7\u00e3o<\/h3>\n<p><a href=\"https:\/\/webmuseu.org\/\" target=\"_blank\" rel=\"noopener noreferrer\">Webmuseu<\/a> &#8211; Hub de Websites Culturais (Portal did\u00e1tico elaborado e mantido pela professora Ana Cec\u00edlia)<\/p>\n<\/div><\/div><div class=\"g-cols wpb_row via_flex valign_top type_default stacking_default\"><div class=\"vc_col-sm-12 wpb_column vc_column_container\"><div class=\"vc_column-inner\"><div class=\"wpb_wrapper\"><div class=\"w-separator size_huge\"><\/div><div class=\"wpb_text_column\"><div class=\"wpb_wrapper\"><p style=\"text-align: center;\">\u00a9 2020 <a href=\"https:\/\/webmuseu.org\/\" target=\"_blank\" rel=\"noopener noreferrer\">Webmuseu<\/a> &#8211; Cultural Websites Hub.<\/p>\n<\/div><\/div><\/div><\/div><\/div><\/div><\/div><\/div><\/div><\/div><\/div><\/section>\n","protected":false},"excerpt":{"rendered":"Museus e Covid-19 Projeto Este projeto pretende avaliar o impacto do novo Coronav\u00edrus nos museus, registrar as publica\u00e7\u00f5es e a\u00e7\u00f5es decorrentes da Covid-19, bem como indicar recursos \u00fateis para as institui\u00e7\u00f5es no enfrentamento da pandemia. Cole\u00e7\u00e3o On-line No Internet Archive, estruturamos o\u00a0Museums and Covid-19, onde registramos documentos, manifesta\u00e7\u00f5es institucionais e\/ou governamentais, artigos de jornal e...","protected":false},"author":1,"featured_media":344,"parent":0,"menu_order":2,"comment_status":"closed","ping_status":"closed","template":"","meta":{"footnotes":""},"class_list":["post-549","page","type-page","status-publish","has-post-thumbnail","hentry"],"_links":{"self":[{"href":"https:\/\/webmuseu.org\/covid-19\/wp-json\/wp\/v2\/pages\/549","targetHints":{"allow":["GET"]}}],"collection":[{"href":"https:\/\/webmuseu.org\/covid-19\/wp-json\/wp\/v2\/pages"}],"about":[{"href":"https:\/\/webmuseu.org\/covid-19\/wp-json\/wp\/v2\/types\/page"}],"author":[{"embeddable":true,"href":"https:\/\/webmuseu.org\/covid-19\/wp-json\/wp\/v2\/users\/1"}],"replies":[{"embeddable":true,"href":"https:\/\/webmuseu.org\/covid-19\/wp-json\/wp\/v2\/comments?post=549"}],"version-history":[{"count":2,"href":"https:\/\/webmuseu.org\/covid-19\/wp-json\/wp\/v2\/pages\/549\/revisions"}],"predecessor-version":[{"id":554,"href":"https:\/\/webmuseu.org\/covid-19\/wp-json\/wp\/v2\/pages\/549\/revisions\/554"}],"wp:featuredmedia":[{"embeddable":true,"href":"https:\/\/webmuseu.org\/covid-19\/wp-json\/wp\/v2\/media\/344"}],"wp:attachment":[{"href":"https:\/\/webmuseu.org\/covid-19\/wp-json\/wp\/v2\/media?parent=549"}],"curies":[{"name":"wp","href":"https:\/\/api.w.org\/{rel}","templated":true}]}}