{"id":8,"date":"2013-05-31T08:44:43","date_gmt":"2013-05-31T04:44:43","guid":{"rendered":"http:\/\/impreza3.us-themes.com\/"},"modified":"2025-11-21T09:55:05","modified_gmt":"2025-11-21T12:55:05","slug":"home","status":"publish","type":"page","link":"https:\/\/webmuseu.org\/lavmuseu\/","title":{"rendered":"Home"},"content":{"rendered":"<section class=\"l-section wpb_row us_custom_4fb9e5a3 height_medium full_height valign_top width_full with_img parallax_fixed\"><div class=\"l-section-img\" role=\"img\" aria-label=\"Imagem\" data-img-width=\"1587\" data-img-height=\"1648\" style=\"background-image: url(https:\/\/webmuseu.org\/lavmuseu\/wp-content\/uploads\/sites\/10\/2025\/11\/lavmuseu-home.jpg);background-repeat: no-repeat;background-size: contain;\"><\/div><div class=\"l-section-overlay\" style=\"background:var(--color-header-transparent-bg)\"><\/div><div class=\"l-section-h i-cf\"><div class=\"g-cols vc_row via_flex valign_top type_default stacking_default\"><div class=\"vc_col-sm-12 wpb_column vc_column_container\"><div class=\"vc_column-inner\"><div class=\"wpb_wrapper\"><div class=\"w-separator size_medium\"><\/div><\/div><\/div><\/div><\/div><\/div><\/section><section class=\"l-section wpb_row height_huge\" id=\"sobre\"><div class=\"l-section-h i-cf\"><div class=\"g-cols vc_row via_flex valign_top type_default stacking_default\" style=\"--additional-gap:20;\"><div class=\"vc_col-sm-8 wpb_column vc_column_container us_animate_afb\"><div class=\"vc_column-inner\"><div class=\"wpb_wrapper\"><div class=\"w-separator size_medium\"><\/div>[vc_custom_heading text=&#8221;Laborat\u00f3rio Virtual&#8221; font_container=&#8221;tag:div|font_size:18px|text_align:left&#8221; use_theme_fonts=&#8221;yes&#8221;]<div class=\"wpb_text_column\"><div class=\"wpb_wrapper\"><h2><strong>LavMUSEU &#8211; UFMG<\/strong><\/h2>\n<p style=\"text-align: justify;\">O LavMUSEU atua na \u00e1rea de Gest\u00e3o, Tecnologia da Informa\u00e7\u00e3o e Comunica\u00e7\u00e3o (TIC), Humanidades Digitais, Conte\u00fado para Web e Acessibilidade Digital. Encontra-se localizado no Departamento de Teoria e Gest\u00e3o da Informa\u00e7\u00e3o (DTGI) da Escola de Ci\u00eancia da Informa\u00e7\u00e3o (ECI\/UFMG). Conta com dezenas de softwares dispon\u00edveis para a comunidade de usu\u00e1rios da UFMG, bem como ambientes colaborativos.<\/p>\n<\/div><\/div><div class=\"w-separator size_small\"><\/div><\/div><\/div><\/div><div class=\"vc_col-sm-4 wpb_column vc_column_container\"><div class=\"vc_column-inner\"><div class=\"wpb_wrapper\"><div class=\"w-separator size_small\"><\/div><div class=\"w-image align_center us_animate_afc\"><a target=\" _blank\" rel=\"nofollow\" href=\"http:\/\/dgp.cnpq.br\/dgp\/espelhogrupo\/5348585456383447\" aria-label=\"logo do LavMUSEU\" class=\"w-image-h\"><img decoding=\"async\" width=\"282\" height=\"276\" src=\"https:\/\/webmuseu.org\/lavmuseu\/wp-content\/uploads\/sites\/10\/2019\/03\/lavmuseu_branca.png\" class=\"attachment-medium size-medium\" alt=\"Logo do LavMUSEU com escrito lav e museu.\" loading=\"lazy\" \/><\/a><\/div><\/div><\/div><\/div><\/div><\/div><\/section><section class=\"l-section wpb_row us_custom_4fb9e5a3 height_huge\" id=\"linhas\"><div class=\"l-section-h i-cf\"><div class=\"g-cols vc_row via_flex valign_top type_default stacking_default\"><div class=\"vc_col-sm-12 wpb_column vc_column_container\"><div class=\"vc_column-inner\"><div class=\"wpb_wrapper\">[vc_custom_heading text=&#8221;\u00c1reas de&#8221; font_container=&#8221;tag:div|font_size:18px|text_align:left&#8221; use_theme_fonts=&#8221;yes&#8221;]<div class=\"wpb_text_column\"><div class=\"wpb_wrapper\"><h2><strong>Atua\u00e7\u00e3o<br \/>\n<\/strong><\/h2>\n<\/div><\/div><div class=\"w-separator size_huge\"><\/div><div class=\"g-cols wpb_row via_flex valign_top type_default stacking_default\" style=\"--additional-gap:35;\"><div class=\"vc_col-sm-4 wpb_column vc_column_container us_animate_afb\"><div class=\"vc_column-inner\"><div class=\"wpb_wrapper\"><div class=\"w-iconbox iconpos_top style_default color_secondary align_center\"><div class=\"w-iconbox-icon\" style=\"font-size:48px;\"><i class=\"fas fa-chart-bar\"><\/i><\/div><div class=\"w-iconbox-meta\"><h4 class=\"w-iconbox-title\">Gest\u00e3o<\/h4><div class=\"w-iconbox-text\"><p>Gest\u00e3o de unidades de informa\u00e7\u00e3o e cultura (museus, bibliotecas, arquivos, galerias), gest\u00e3o dos processos de projeto, gest\u00e3o da informa\u00e7\u00e3o, gest\u00e3o de acervos, documenta\u00e7\u00e3o, teletrabalho e administra\u00e7\u00e3o pessoal do gestor.<\/p>\n<\/div><\/div><\/div><\/div><\/div><\/div><div class=\"vc_col-sm-4 wpb_column vc_column_container us_animate_afb\" style=\"animation-delay:0.2s\"><div class=\"vc_column-inner\"><div class=\"wpb_wrapper\"><div class=\"w-iconbox iconpos_top style_default color_secondary align_center\"><div class=\"w-iconbox-icon\" style=\"font-size:70px;\"><i class=\"fab fa-usb\"><\/i><\/div><div class=\"w-iconbox-meta\"><h4 class=\"w-iconbox-title\">TIC<\/h4><div class=\"w-iconbox-text\"><p>Tecnologias da Informa\u00e7\u00e3o e Comunica\u00e7\u00e3o. Softwares de gest\u00e3o, CMS (Content Management System e Collections Management System), gest\u00e3o e desenvolvimento de websites, customiza\u00e7\u00e3o de plugins e softwares open source. Ciberseguran\u00e7a, privacidade e <a href=\"https:\/\/webmuseu.org\/lavmuseu\/fakenews\/\" target=\"_blank\" rel=\"noopener noreferrer\">fake news<\/a>.<\/p>\n<\/div><\/div><\/div><\/div><\/div><\/div><div class=\"vc_col-sm-4 wpb_column vc_column_container us_animate_afb\" style=\"animation-delay:0.4s\"><div class=\"vc_column-inner\"><div class=\"wpb_wrapper\"><div class=\"w-iconbox iconpos_top style_default color_secondary align_center\"><div class=\"w-iconbox-icon\" style=\"font-size:48px;\"><i class=\"far fa-mobile-alt\"><\/i><\/div><div class=\"w-iconbox-meta\"><h4 class=\"w-iconbox-title\">Humanidades Digitais<\/h4><div class=\"w-iconbox-text\"><p>Teoria cultural, patrim\u00f4nio cultural e cibercultura. Sistemas de informa\u00e7\u00e3o e design. Ci\u00eancia de dados, Intelig\u00eancia Artificial (IA) e Machine Learning (ML). Linguagens de marca\u00e7\u00e3o e programa\u00e7\u00e3o (Python, HTML, CSS, etc.). Realidade Virtual (RV) e Realidade Aumentada (RA).<\/p>\n<\/div><\/div><\/div><\/div><\/div><\/div><\/div><div class=\"w-separator size_large\"><\/div><div class=\"g-cols wpb_row via_flex valign_top type_default stacking_default\" style=\"--additional-gap:35;\"><div class=\"vc_col-sm-6 wpb_column vc_column_container us_animate_afb\"><div class=\"vc_column-inner\"><div class=\"wpb_wrapper\"><div class=\"w-iconbox iconpos_top style_default color_secondary align_center\"><div class=\"w-iconbox-icon\" style=\"font-size:48px;\"><i class=\"fas fa-link\"><\/i><\/div><div class=\"w-iconbox-meta\"><h4 class=\"w-iconbox-title\">Conte\u00fado para Web<\/h4><div class=\"w-iconbox-text\"><p>Gest\u00e3o e desenvolvimento de conte\u00fado para a Web (museus virtuais, blogs, redes sociais, exposi\u00e7\u00f5es e cole\u00e7\u00f5es on-line, etc.). Escrita, UX Writing e Web Writing (Expowriting e Exhiwriting). Arquitetura da informa\u00e7\u00e3o (AI) e recupera\u00e7\u00e3o da informa\u00e7\u00e3o na Web. Banco de dados, vocabul\u00e1rios controlados, otimiza\u00e7\u00e3o para mecanismos de busca (SEO), esquemas de metadados e padr\u00f5es Web (Schema.org, Dublin Core, etc.). Marketing digital. Ensino \u00e0 dist\u00e2ncia (EAD).<\/p>\n<\/div><\/div><\/div><\/div><\/div><\/div><div class=\"vc_col-sm-6 wpb_column vc_column_container us_animate_afb\" style=\"animation-delay:0.2s\"><div class=\"vc_column-inner\"><div class=\"wpb_wrapper\"><div class=\"w-iconbox iconpos_top style_default color_secondary align_center\"><div class=\"w-iconbox-icon\" style=\"font-size:48px;\"><i class=\"far fa-universal-access\"><\/i><\/div><div class=\"w-iconbox-meta\"><h4 class=\"w-iconbox-title\">Acessibilidade Digital<\/h4><div class=\"w-iconbox-text\"><p>Acessibilidade nas unidades de informa\u00e7\u00e3o e cultura (museus, bibliotecas, arquivos e galerias). Acessibilidade digital e web design acess\u00edvel. Web Sem\u00e2ntica. Tecnologias assistivas e interfaces interativas (Arduino).<\/p>\n<\/div><\/div><\/div><\/div><\/div><\/div><\/div><\/div><\/div><\/div><\/div><\/div><\/section><section class=\"l-section wpb_row height_huge color_alternate with_img parallax_ver parallaxdir_reversed\"><div class=\"l-section-img\" role=\"img\" aria-label=\"LavGRAFT Laborat\u00f3rio Virtual do Grupo GRAFT\" data-img-width=\"1000\" data-img-height=\"750\" style=\"background-image: url(https:\/\/webmuseu.org\/lavmuseu\/wp-content\/uploads\/sites\/10\/2013\/05\/contadorktt.jpg);background-repeat: no-repeat;\"><\/div><div class=\"l-section-overlay\" style=\"background:rgba(0,0,0,0.86)\"><\/div><div class=\"l-section-h i-cf\"><div class=\"g-cols vc_row via_flex valign_top type_default stacking_default\"><div class=\"vc_col-sm-4 wpb_column vc_column_container us_animate_afb\"><div class=\"vc_column-inner\"><div class=\"wpb_wrapper\"><div class=\"w-separator size_medium\"><\/div><\/div><\/div><\/div><div class=\"vc_col-sm-4 wpb_column vc_column_container us_animate_afb\" style=\"animation-delay:0.2s\"><div class=\"vc_column-inner\"><div class=\"wpb_wrapper\"><div class=\"w-counter us_custom_9f97ef11 color_secondary align_center animation_none has_font_size\" data-duration=\"2\" style=\"--w-counter-duration: 2s;\"><div class=\"w-counter-value\" aria-label=\"2012\"><span class=\"w-counter-value-part final\" aria-hidden=\"true\">2012<\/span><span class=\"w-counter-value-part hidden type_text\" aria-hidden=\"true\" data-final><\/span><span class=\"w-counter-value-part hidden type_number\" aria-hidden=\"true\" data-final=\"2012\">1990<\/span><span class=\"w-counter-value-part hidden type_text\" aria-hidden=\"true\" data-final><\/span><\/div><h6 class=\"w-counter-title\">funda\u00e7\u00e3o do laborat\u00f3rio<\/h6><\/div><\/div><\/div><\/div><div class=\"vc_col-sm-4 wpb_column vc_column_container us_animate_afb\" style=\"animation-delay:0.4s\"><div class=\"vc_column-inner\"><div class=\"wpb_wrapper\"><\/div><\/div><\/div><\/div><\/div><\/section><section class=\"l-section wpb_row height_huge color_alternate\"><div class=\"l-section-overlay\" style=\"background:rgba(246,246,246,0.39)\"><\/div><div class=\"l-section-h i-cf\"><div class=\"g-cols vc_row via_flex valign_top type_default stacking_default\"><div class=\"vc_col-sm-12 wpb_column vc_column_container\"><div class=\"vc_column-inner\"><div class=\"wpb_wrapper\"><div class=\"g-cols wpb_row via_flex valign_top type_default stacking_default\"><div class=\"vc_col-sm-6 wpb_column vc_column_container\"><div class=\"vc_column-inner\"><div class=\"wpb_wrapper\">[vc_custom_heading text=&#8221;Recursos do Laborat\u00f3rio&#8221; font_container=&#8221;tag:div|font_size:18px|text_align:left&#8221; use_theme_fonts=&#8221;yes&#8221;]<div class=\"wpb_text_column\"><div class=\"wpb_wrapper\"><h1><strong>LavMUSEU<\/strong><\/h1>\n<\/div><\/div><\/div><\/div><\/div><div class=\"vc_col-sm-6 wpb_column vc_column_container\"><div class=\"vc_column-inner\"><div class=\"wpb_wrapper\"><\/div><\/div><\/div><\/div><div class=\"w-separator size_huge\"><\/div><div class=\"g-cols wpb_row via_flex valign_top type_default stacking_default\"><div class=\"vc_col-sm-4 wpb_column vc_column_container us_animate_afb\"><div class=\"vc_column-inner\"><div class=\"wpb_wrapper\"><div class=\"wpb_text_column\"><div class=\"wpb_wrapper\"><p>Content e collections management system (CMS) para reposit\u00f3rios de cole\u00e7\u00f5es on-line e museus virtuais, customizados pelo LavMUSEU para as demandas do projeto.<\/p>\n<\/div><\/div><\/div><\/div><\/div><div class=\"vc_col-sm-4 wpb_column vc_column_container us_animate_afb\" style=\"animation-delay:0.2s\"><div class=\"vc_column-inner\"><div class=\"wpb_wrapper\"><div class=\"wpb_text_column\"><div class=\"wpb_wrapper\"><p>Extranets e intranets de gest\u00e3o virtual de projetos, com registro de atividades, cronograma, mensagens e f\u00f3runs, contador de horas, arquivos armazenados em nuvem, dentre outros recursos.<\/p>\n<\/div><\/div><\/div><\/div><\/div><div class=\"vc_col-sm-4 wpb_column vc_column_container us_animate_afb\" style=\"animation-delay:0.4s\"><div class=\"vc_column-inner\"><div class=\"wpb_wrapper\"><div class=\"wpb_text_column\"><div class=\"wpb_wrapper\"><p>Dezenas de softwares dispon\u00edveis para os pesquisadores, com \u00eanfase em softwares open source customizados pelo LavMUSEU para as necessidades do projeto.<\/p>\n<\/div><\/div><\/div><\/div><\/div><\/div><\/div><\/div><\/div><\/div><\/div><\/section><section class=\"l-section wpb_row height_huge with_img parallax_ver\" id=\"projetos\"><div class=\"l-section-img\" role=\"img\" aria-label=\"Blog do LavGRAFT\" data-img-width=\"1600\" data-img-height=\"1200\" style=\"background-image: url(https:\/\/webmuseu.org\/lavmuseu\/wp-content\/uploads\/sites\/10\/2013\/05\/coffee-and-mouse-1462468.jpg);background-position: bottom center;background-repeat: no-repeat;\"><\/div><div class=\"l-section-overlay\" style=\"background:rgba(0,0,0,0.68)\"><\/div><div class=\"l-section-h i-cf\"><div class=\"g-cols vc_row via_flex valign_top type_default stacking_default\"><div class=\"vc_col-sm-12 wpb_column vc_column_container us_animate_fade\"><div class=\"vc_column-inner\"><div class=\"wpb_wrapper\">[vc_custom_heading text=&#8221;Principais&#8221; font_container=&#8221;tag:div|text_align:left&#8221; use_theme_fonts=&#8221;yes&#8221;]<div class=\"wpb_text_column\"><div class=\"wpb_wrapper\"><h2><strong>Projetos<\/strong><\/h2>\n<\/div><\/div><div class=\"w-separator size_small\"><\/div><div class=\"g-cols wpb_row via_flex valign_top type_default stacking_default\"><div class=\"vc_col-sm-4 wpb_column vc_column_container\"><div class=\"vc_column-inner\"><div class=\"wpb_wrapper\"><div class=\"w-image align_center\"><a target=\" _blank\" rel=\"nofollow\" href=\"https:\/\/webmuseu.org\/recursos\/\" aria-label=\"recursos_web_projeto\" class=\"w-image-h\"><img decoding=\"async\" width=\"600\" height=\"600\" src=\"https:\/\/webmuseu.org\/lavmuseu\/wp-content\/uploads\/sites\/10\/2020\/08\/recursos_web_projeto.jpg\" class=\"attachment-large size-large\" alt=\"\" loading=\"lazy\" srcset=\"https:\/\/webmuseu.org\/lavmuseu\/wp-content\/uploads\/sites\/10\/2020\/08\/recursos_web_projeto.jpg 600w, https:\/\/webmuseu.org\/lavmuseu\/wp-content\/uploads\/sites\/10\/2020\/08\/recursos_web_projeto-300x300.jpg 300w, https:\/\/webmuseu.org\/lavmuseu\/wp-content\/uploads\/sites\/10\/2020\/08\/recursos_web_projeto-150x150.jpg 150w\" sizes=\"auto, (max-width: 600px) 100vw, 600px\" \/><\/a><\/div><\/div><\/div><\/div><div class=\"vc_col-sm-4 wpb_column vc_column_container\"><div class=\"vc_column-inner\"><div class=\"wpb_wrapper\"><div class=\"w-image align_center\"><a target=\" _blank\" rel=\"nofollow\" href=\"https:\/\/tainacan.eci.ufmg.br\/\" aria-label=\"tainacan_lab_projeto\" class=\"w-image-h\"><img decoding=\"async\" width=\"600\" height=\"600\" src=\"https:\/\/webmuseu.org\/lavmuseu\/wp-content\/uploads\/sites\/10\/2020\/08\/tainacan_lab_projeto.jpg\" class=\"attachment-large size-large\" alt=\"\" loading=\"lazy\" srcset=\"https:\/\/webmuseu.org\/lavmuseu\/wp-content\/uploads\/sites\/10\/2020\/08\/tainacan_lab_projeto.jpg 600w, https:\/\/webmuseu.org\/lavmuseu\/wp-content\/uploads\/sites\/10\/2020\/08\/tainacan_lab_projeto-300x300.jpg 300w, https:\/\/webmuseu.org\/lavmuseu\/wp-content\/uploads\/sites\/10\/2020\/08\/tainacan_lab_projeto-150x150.jpg 150w\" sizes=\"auto, (max-width: 600px) 100vw, 600px\" \/><\/a><\/div><\/div><\/div><\/div><div class=\"vc_col-sm-4 wpb_column vc_column_container\"><div class=\"vc_column-inner\"><div class=\"wpb_wrapper\"><div class=\"w-image align_center\"><a target=\" _blank\" rel=\"nofollow\" href=\"https:\/\/webmuseu.org\/mmgerdau-pedras-sabidas\/\" aria-label=\"webmuseu_pedras_sabidas_pt_br\" class=\"w-image-h\"><img decoding=\"async\" width=\"788\" height=\"788\" src=\"https:\/\/webmuseu.org\/lavmuseu\/wp-content\/uploads\/sites\/10\/2020\/08\/webmuseu_pedras_sabidas_pt_br.jpg\" class=\"attachment-large size-large\" alt=\"\" loading=\"lazy\" srcset=\"https:\/\/webmuseu.org\/lavmuseu\/wp-content\/uploads\/sites\/10\/2020\/08\/webmuseu_pedras_sabidas_pt_br.jpg 788w, https:\/\/webmuseu.org\/lavmuseu\/wp-content\/uploads\/sites\/10\/2020\/08\/webmuseu_pedras_sabidas_pt_br-300x300.jpg 300w, https:\/\/webmuseu.org\/lavmuseu\/wp-content\/uploads\/sites\/10\/2020\/08\/webmuseu_pedras_sabidas_pt_br-150x150.jpg 150w\" sizes=\"auto, (max-width: 788px) 100vw, 788px\" \/><\/a><\/div><\/div><\/div><\/div><\/div><\/div><\/div><\/div><\/div><\/div><\/section><section class=\"l-section wpb_row height_large color_primary\" id=\"contato\"><div class=\"l-section-h i-cf\"><div class=\"g-cols vc_row via_flex valign_top type_default stacking_default\"><div class=\"vc_col-sm-12 wpb_column vc_column_container us_animate_fade\"><div class=\"vc_column-inner\"><div class=\"wpb_wrapper\"><div class=\"w-separator size_small\"><\/div><div class=\"w-actionbox color_primary controls_right\"><div class=\"w-actionbox-text\"><h2 class=\"w-actionbox-title\">Software ou extranet<\/h2><div class=\"w-actionbox-description\"><p>Solicite aqui a instala\u00e7\u00e3o de software ou extranet no laborat\u00f3rio.<\/p>\n<\/div><\/div><div class=\"w-actionbox-controls\"><a class=\"w-btn us-btn-style_1\" style=\"font-size:18px\" title=\"Contato\" href=\"mailto:anacecilia@ufmg.br\"><span class=\"w-btn-label\">Solicitar<\/span><\/a><\/div><\/div><div class=\"w-separator size_small\"><\/div><\/div><\/div><\/div><\/div><\/div><\/section>\n","protected":false},"excerpt":{"rendered":"[vc_custom_heading text=\"Laborat\u00f3rio Virtual\" font_container=\"tag:div|font_size:18px|text_align:left\" use_theme_fonts=\"yes\"]LavMUSEU &#8211; UFMG O LavMUSEU atua na \u00e1rea de Gest\u00e3o, Tecnologia da Informa\u00e7\u00e3o e Comunica\u00e7\u00e3o (TIC), Humanidades Digitais, Conte\u00fado para Web e Acessibilidade Digital. Encontra-se localizado no Departamento de Teoria e Gest\u00e3o da Informa\u00e7\u00e3o (DTGI) da Escola de Ci\u00eancia da Informa\u00e7\u00e3o (ECI\/UFMG). Conta com dezenas de softwares dispon\u00edveis para a comunidade...","protected":false},"author":1,"featured_media":5898,"parent":0,"menu_order":0,"comment_status":"closed","ping_status":"closed","template":"","meta":{"footnotes":""},"class_list":["post-8","page","type-page","status-publish","has-post-thumbnail","hentry"],"_links":{"self":[{"href":"https:\/\/webmuseu.org\/lavmuseu\/wp-json\/wp\/v2\/pages\/8","targetHints":{"allow":["GET"]}}],"collection":[{"href":"https:\/\/webmuseu.org\/lavmuseu\/wp-json\/wp\/v2\/pages"}],"about":[{"href":"https:\/\/webmuseu.org\/lavmuseu\/wp-json\/wp\/v2\/types\/page"}],"author":[{"embeddable":true,"href":"https:\/\/webmuseu.org\/lavmuseu\/wp-json\/wp\/v2\/users\/1"}],"replies":[{"embeddable":true,"href":"https:\/\/webmuseu.org\/lavmuseu\/wp-json\/wp\/v2\/comments?post=8"}],"version-history":[{"count":36,"href":"https:\/\/webmuseu.org\/lavmuseu\/wp-json\/wp\/v2\/pages\/8\/revisions"}],"predecessor-version":[{"id":7550,"href":"https:\/\/webmuseu.org\/lavmuseu\/wp-json\/wp\/v2\/pages\/8\/revisions\/7550"}],"wp:featuredmedia":[{"embeddable":true,"href":"https:\/\/webmuseu.org\/lavmuseu\/wp-json\/wp\/v2\/media\/5898"}],"wp:attachment":[{"href":"https:\/\/webmuseu.org\/lavmuseu\/wp-json\/wp\/v2\/media?parent=8"}],"curies":[{"name":"wp","href":"https:\/\/api.w.org\/{rel}","templated":true}]}}