{"id":4132,"date":"2020-04-02T23:42:34","date_gmt":"2020-04-03T02:42:34","guid":{"rendered":"https:\/\/webmuseu.org\/recursos\/?page_id=4132"},"modified":"2026-03-10T15:46:20","modified_gmt":"2026-03-10T18:46:20","slug":"recursos-web-para-glam","status":"publish","type":"page","link":"https:\/\/webmuseu.org\/recursos\/","title":{"rendered":"Recursos Web para GLAM: galerias, bibliotecas, arquivos e museus"},"content":{"rendered":"<section class=\"l-section wpb_row height_medium full_height valign_center color_secondary\" id=\"ciberseguranca\"><div class=\"l-section-h i-cf\"><div class=\"g-cols vc_row via_flex valign_middle type_default stacking_default\"><div class=\"vc_col-sm-8 wpb_column vc_column_container align_center_xs\"><div class=\"vc_column-inner\"><div class=\"wpb_wrapper\"><div class=\"wpb_text_column us_custom_a5c88937\"><div class=\"wpb_wrapper\"><h1>Ciberseguran\u00e7a<\/h1>\n<p>Estrutura\u00e7\u00e3o de recursos de ciberseguran\u00e7a para usu\u00e1rios de Internet, gestores de museus e desenvolvedores web em WordPress, tais como checklists, FAQs, configura\u00e7\u00f5es e refer\u00eancias. Estes protocolos foram desenvolvidos com foco em GLAM (Museus, Bibliotecas, Arquivos e Galerias), mas podem ser utilizados por qualquer profissional, institui\u00e7\u00e3o ou empresa que fa\u00e7a uso amplo da Web e TI. Acesse no link abaixo o Manual de Ciberseguran\u00e7a e Privacidade para GLAM.<\/p>\n<\/div><\/div><div class=\"w-separator size_small\"><\/div><div class=\"w-btn-wrapper align_none\"><a class=\"w-btn us-btn-style_4\" href=\"https:\/\/webmuseu.org\/recursos\/wp-content\/uploads\/sites\/2\/2026\/03\/manual-ciberseguranca-glam-privacidade-ufmg.pdf\"><span class=\"w-btn-label\">Manual de Ciberseguran\u00e7a<\/span><\/a><\/div><div class=\"w-btn-wrapper align_none\"><a class=\"w-btn us-btn-style_5\" title=\"Sobre\" href=\"https:\/\/webmuseu.org\/recursos\/ciberseguranca-privacidade-dados\/\"><span class=\"w-btn-label\">Resultados<\/span><\/a><\/div><\/div><\/div><\/div><div class=\"vc_col-sm-4 wpb_column vc_column_container\"><div class=\"vc_column-inner\"><div class=\"wpb_wrapper\"><div class=\"w-image style_phone6-2 align_center\"><div class=\"w-image-h\" style=\"background-image: url(https:\/\/webmuseu.org\/recursos\/wp-content\/themes\/Impreza\/img\/phone-6-white-real.png)\"><img decoding=\"async\" width=\"419\" height=\"747\" src=\"https:\/\/webmuseu.org\/recursos\/wp-content\/uploads\/sites\/2\/2020\/03\/webmuseu_cybersecurity_wordpress_m-e1585323237257.jpg\" class=\"attachment-full size-full\" alt=\"\" loading=\"lazy\" \/><\/div><\/div><\/div><\/div><\/div><\/div><\/div><\/section><section class=\"l-section wpb_row height_medium full_height valign_center color_primary\" id=\"usabilidade\"><div class=\"l-section-h i-cf\"><div class=\"g-cols vc_row via_flex valign_middle type_default stacking_default\"><div class=\"vc_col-sm-8 wpb_column vc_column_container align_center_xs\"><div class=\"vc_column-inner\"><div class=\"wpb_wrapper\"><div class=\"wpb_text_column\"><div class=\"wpb_wrapper\"><h1>Web Dev<\/h1>\n<p>Desenvolvimento de material did\u00e1tico sobre o funcionamento da Web, Sistemas de Gest\u00e3o de Conte\u00fado e de Cole\u00e7\u00f5es para GLAM, linguagens de programa\u00e7\u00e3o e de marca\u00e7\u00e3o para WordPress, dentre outros conte\u00fados pertinentes para os museus, bibliotecas, arquivos e galerias. Est\u00e1 em desenvolvimento um Manual sobre a Web para GLAM, previsto para 2026. Aguarde!<\/p>\n<\/div><\/div><div class=\"w-separator size_small\"><\/div><div class=\"w-btn-wrapper align_none\"><button class=\"w-btn us-btn-style_4\" type=\"button\"><span class=\"w-btn-label\">Em desenvolvimento<\/span><\/button><\/div><\/div><\/div><\/div><div class=\"vc_col-sm-4 wpb_column vc_column_container\"><div class=\"vc_column-inner\"><div class=\"wpb_wrapper\"><div class=\"w-image style_phone6-2 align_center\"><div class=\"w-image-h\" style=\"background-image: url(https:\/\/webmuseu.org\/recursos\/wp-content\/themes\/Impreza\/img\/phone-6-white-real.png)\"><img decoding=\"async\" width=\"336\" height=\"600\" src=\"https:\/\/webmuseu.org\/recursos\/wp-content\/uploads\/sites\/2\/2020\/03\/webmuseu_gestao_museu_m-e1585321906404.jpg\" class=\"attachment-full size-full\" alt=\"\" loading=\"lazy\" \/><\/div><\/div><\/div><\/div><\/div><\/div><\/div><\/section><section class=\"l-section wpb_row us_custom_aaf02320 has_text_color height_medium full_height valign_center\" id=\"conteudo\"><div class=\"l-section-h i-cf\"><div class=\"g-cols vc_row via_flex valign_middle type_default stacking_default\"><div class=\"vc_col-sm-8 wpb_column vc_column_container align_center_xs\"><div class=\"vc_column-inner\"><div class=\"wpb_wrapper\"><div class=\"wpb_text_column\"><div class=\"wpb_wrapper\"><h1>Cole\u00e7\u00f5es On-line<\/h1>\n<p>Pesquisa de sistemas de gest\u00e3o consolidados para Web e GLAMs (Museus, Bibliotecas, Arquivos e Galerias), tais como WordPress, Tainacan, TMS e CollectionsIndex+. Desenvolvimento de templates, materiais did\u00e1ticos e recursos acess\u00edveis para websites e reposit\u00f3rios digitais, baseados nas melhores pr\u00e1ticas de inclus\u00e3o, bem como de gest\u00e3o de acervos seguindo as recomenda\u00e7\u00f5es do ICOM e Spectrum &#8211; Collections Trust.<\/p>\n<\/div><\/div><div class=\"w-separator size_small\"><\/div><div class=\"w-btn-wrapper align_none\"><a class=\"w-btn us-btn-style_4\" href=\"https:\/\/webmuseu.org\/recursos\/usabilidade-tutorial-tainacan\/\"><span class=\"w-btn-label\">Curso Gratuito de Tainacan<\/span><\/a><\/div><\/div><\/div><\/div><div class=\"vc_col-sm-4 wpb_column vc_column_container\"><div class=\"vc_column-inner\"><div class=\"wpb_wrapper\"><div class=\"w-image style_phone6-2 align_center\"><div class=\"w-image-h\" style=\"background-image: url(https:\/\/webmuseu.org\/recursos\/wp-content\/themes\/Impreza\/img\/phone-6-white-real.png)\"><img decoding=\"async\" width=\"297\" height=\"529\" src=\"https:\/\/webmuseu.org\/recursos\/wp-content\/uploads\/sites\/2\/2020\/03\/webmuseu_ux_writing_m-e1585322198151.jpg\" class=\"attachment-full size-full\" alt=\"\" loading=\"lazy\" \/><\/div><\/div><\/div><\/div><\/div><\/div><\/div><\/section><section class=\"l-section wpb_row us_custom_a98184a7 has_text_color height_medium full_height valign_center\" id=\"gestao\"><div class=\"l-section-h i-cf\"><div class=\"g-cols vc_row via_flex valign_middle type_default stacking_default\"><div class=\"vc_col-sm-8 wpb_column vc_column_container align_center_xs\"><div class=\"vc_column-inner\"><div class=\"wpb_wrapper\"><div class=\"wpb_text_column\"><div class=\"wpb_wrapper\"><h1>Conte\u00fado Digital<\/h1>\n<p>An\u00e1lise das melhores pr\u00e1ticas de documenta\u00e7\u00e3o, digitaliza\u00e7\u00e3o, <em>Web Writing<\/em>, UX Writing, otimiza\u00e7\u00e3o para mecanismos de busca e chatbots de Intelig\u00eancia Artificial, vocabul\u00e1rios controlados e demais padr\u00f5es (como Dublin Core e Schema), aplicados na gest\u00e3o de acervos e elabora\u00e7\u00e3o de conte\u00fado digital para GLAMs (Museus, Bibliotecas, Arquivos e Galerias). Clique no link abaixo para conhecer os primeiros resultados desta etapa do nosso projeto!<\/p>\n<\/div><\/div><div class=\"w-separator size_small\"><\/div><div class=\"w-btn-wrapper align_none\"><a class=\"w-btn us-btn-style_4\" target=\"_blank\" rel=\"nofollow\" href=\"https:\/\/anacecilia.webmuseu.org\/museweb2019\/\"><span class=\"w-btn-label\">Web Writing para Museus<\/span><\/a><\/div><\/div><\/div><\/div><div class=\"vc_col-sm-4 wpb_column vc_column_container\"><div class=\"vc_column-inner\"><div class=\"wpb_wrapper\"><div class=\"w-image style_phone6-2 align_center\"><div class=\"w-image-h\" style=\"background-image: url(https:\/\/webmuseu.org\/recursos\/wp-content\/themes\/Impreza\/img\/phone-6-white-real.png)\"><img decoding=\"async\" width=\"347\" height=\"617\" src=\"https:\/\/webmuseu.org\/recursos\/wp-content\/uploads\/sites\/2\/2020\/03\/webmuseu_web_writing_g-e1585323176813.jpg\" class=\"attachment-full size-full\" alt=\"\" loading=\"lazy\" \/><\/div><\/div><\/div><\/div><\/div><\/div><\/div><\/section><section class=\"l-section wpb_row height_medium full_height valign_center color_footer-bottom\" id=\"sobre\"><div class=\"l-section-h i-cf\"><div class=\"g-cols vc_row via_flex valign_top type_default stacking_default\"><div class=\"vc_col-sm-12 wpb_column vc_column_container\"><div class=\"vc_column-inner\"><div class=\"wpb_wrapper\"><div class=\"wpb_text_column\"><div class=\"wpb_wrapper\"><h1>Sobre<\/h1>\n<p>O projeto <strong>Recursos Web para GLAM (Museus, Bibliotecas, Arquivos e Galerias)<\/strong> desenvolve e disponibiliza gratuitamente recursos digitais voltados para unidades de informa\u00e7\u00e3o e cultura, tais como: checklists, tutoriais, fluxogramas, processos, curadoria de produtos e servi\u00e7os, par\u00e2metros e configura\u00e7\u00f5es, c\u00f3digos, softwares customizados, cursos, dentre outros.<\/p>\n<p>Trata-se de templates e protocolos desenvolvidos originalmente para o portal <a href=\"https:\/\/webmuseu.org\/hub-de-websites-culturais\/\" target=\"_blank\" rel=\"noopener noreferrer\">Webmuseu<\/a> (Hub de websites culturais) e para o <a href=\"https:\/\/webmuseu.org\/lavmuseu\/\" target=\"_blank\" rel=\"noopener noreferrer\">LavMUSEU<\/a> (Laborat\u00f3rio Virtual da ECI\/UFMG) e que agora s\u00e3o disponibilizados pelo projeto para o p\u00fablico em geral.<\/p>\n<\/div><\/div><div class=\"w-scroller style_1 pos_right with_dots\" aria-hidden=\"true\" data-speed=\"600\" data-disablewidth=\"767\"><div class=\"w-scroller-dots\" style=\"font-size:10px;color:#ffffff;\"><div class=\"w-scroller-dot\" role=\"button\"><span><\/span><\/div><\/div><\/div><div class=\"w-separator size_medium\"><\/div><div class=\"w-btn-wrapper align_none\"><a class=\"w-btn us-btn-style_5\" target=\"_blank\" rel=\"nofollow\" href=\"https:\/\/anacecilia.digital\/contato\/\"><span class=\"w-btn-label\">Contato<\/span><\/a><\/div><\/div><\/div><\/div><\/div><\/div><\/section>\n","protected":false},"excerpt":{"rendered":"Ciberseguran\u00e7a Estrutura\u00e7\u00e3o de recursos de ciberseguran\u00e7a para usu\u00e1rios de Internet, gestores de museus e desenvolvedores web em WordPress, tais como checklists, FAQs, configura\u00e7\u00f5es e refer\u00eancias. Estes protocolos foram desenvolvidos com foco em GLAM (Museus, Bibliotecas, Arquivos e Galerias), mas podem ser utilizados por qualquer profissional, institui\u00e7\u00e3o ou empresa que fa\u00e7a uso amplo da Web e...","protected":false},"author":1,"featured_media":3969,"parent":0,"menu_order":1,"comment_status":"closed","ping_status":"closed","template":"","meta":{"footnotes":""},"class_list":["post-4132","page","type-page","status-publish","has-post-thumbnail","hentry"],"_links":{"self":[{"href":"https:\/\/webmuseu.org\/recursos\/wp-json\/wp\/v2\/pages\/4132","targetHints":{"allow":["GET"]}}],"collection":[{"href":"https:\/\/webmuseu.org\/recursos\/wp-json\/wp\/v2\/pages"}],"about":[{"href":"https:\/\/webmuseu.org\/recursos\/wp-json\/wp\/v2\/types\/page"}],"author":[{"embeddable":true,"href":"https:\/\/webmuseu.org\/recursos\/wp-json\/wp\/v2\/users\/1"}],"replies":[{"embeddable":true,"href":"https:\/\/webmuseu.org\/recursos\/wp-json\/wp\/v2\/comments?post=4132"}],"version-history":[{"count":30,"href":"https:\/\/webmuseu.org\/recursos\/wp-json\/wp\/v2\/pages\/4132\/revisions"}],"predecessor-version":[{"id":4965,"href":"https:\/\/webmuseu.org\/recursos\/wp-json\/wp\/v2\/pages\/4132\/revisions\/4965"}],"wp:featuredmedia":[{"embeddable":true,"href":"https:\/\/webmuseu.org\/recursos\/wp-json\/wp\/v2\/media\/3969"}],"wp:attachment":[{"href":"https:\/\/webmuseu.org\/recursos\/wp-json\/wp\/v2\/media?parent=4132"}],"curies":[{"name":"wp","href":"https:\/\/api.w.org\/{rel}","templated":true}]}}