{"id":4907,"date":"2025-11-18T16:33:06","date_gmt":"2025-11-18T19:33:06","guid":{"rendered":"https:\/\/webmuseu.org\/recursos\/?page_id=4907"},"modified":"2026-03-09T15:10:08","modified_gmt":"2026-03-09T18:10:08","slug":"ciberseguranca-privacidade-dados","status":"publish","type":"page","link":"https:\/\/webmuseu.org\/recursos\/ciberseguranca-privacidade-dados\/","title":{"rendered":"Ciberseguran\u00e7a e Privacidade de Dados"},"content":{"rendered":"<section class=\"l-section wpb_row height_medium\"><div class=\"l-section-h i-cf\"><div class=\"g-cols vc_row via_flex valign_top type_default stacking_default\"><div class=\"vc_col-sm-12 wpb_column vc_column_container\"><div class=\"vc_column-inner\"><div class=\"wpb_wrapper\"><div class=\"w-image align_left\"><div class=\"w-image-h\"><img decoding=\"async\" width=\"1000\" height=\"261\" src=\"https:\/\/webmuseu.org\/recursos\/wp-content\/uploads\/sites\/2\/2020\/03\/webmuseu_cyber_security_1.jpeg\" class=\"attachment-full size-full\" alt=\"\" loading=\"lazy\" srcset=\"https:\/\/webmuseu.org\/recursos\/wp-content\/uploads\/sites\/2\/2020\/03\/webmuseu_cyber_security_1.jpeg 1000w, https:\/\/webmuseu.org\/recursos\/wp-content\/uploads\/sites\/2\/2020\/03\/webmuseu_cyber_security_1-300x78.jpeg 300w\" sizes=\"auto, (max-width: 1000px) 100vw, 1000px\" \/><\/div><\/div><div class=\"w-separator size_medium\"><\/div><div class=\"wpb_text_column\"><div class=\"wpb_wrapper\"><h2><span style=\"color: #000000;\">Ciberseguran\u00e7a e Privacidade de Dados<\/span><\/h2>\n<h3>Publica\u00e7\u00e3o dos Resultados do Projeto<\/h3>\n<p><a href=\"https:\/\/webmuseu.org\/recursos\/wp-content\/uploads\/sites\/2\/2026\/03\/manual-de-ciberseguranca-museologia-ufmg.pdf\" target=\"_blank\" rel=\"noopener\">Manual de Ciberseguran\u00e7a e Privacidade de Dados para Museus, Bibliotecas, Arquivos e Galerias.<\/a><\/p>\n<h3>Projeto na Pandemia de Covid-19<\/h3>\n<p><a href=\"https:\/\/webmuseu.org\/recursos\/wp-content\/uploads\/sites\/2\/2025\/12\/relatorio-ferramentas-digitais-ere-eci-ufmg-2020.pdf\" target=\"_blank\" rel=\"noopener\">Relat\u00f3rio Ferramentas para ERE: Ensino Remoto Emergencial para UFMG (Coordenado por Ana Cec\u00edlia Rocha Veiga)<\/a><\/p>\n<p><a href=\"https:\/\/webmuseu.org\/covid-19\/\" target=\"_blank\" rel=\"noopener\">Museus e Covid-19 &#8211; Reposit\u00f3rio Digital e Recursos Web para Museus<\/a><\/p>\n<\/div><\/div><div class=\"w-separator size_medium\"><\/div><div class=\"w-separator size_medium\"><\/div><\/div><\/div><\/div><\/div><\/div><\/section>\n","protected":false},"excerpt":{"rendered":"Ciberseguran\u00e7a e Privacidade de Dados Publica\u00e7\u00e3o dos Resultados do Projeto Manual de Ciberseguran\u00e7a e Privacidade de Dados para Museus, Bibliotecas, Arquivos e Galerias. Projeto na Pandemia de Covid-19 Relat\u00f3rio Ferramentas para ERE: Ensino Remoto Emergencial para UFMG (Coordenado por Ana Cec\u00edlia Rocha Veiga) Museus e Covid-19 &#8211; Reposit\u00f3rio Digital e Recursos Web para Museus","protected":false},"author":1,"featured_media":4453,"parent":0,"menu_order":3,"comment_status":"closed","ping_status":"closed","template":"","meta":{"footnotes":""},"class_list":["post-4907","page","type-page","status-publish","has-post-thumbnail","hentry"],"_links":{"self":[{"href":"https:\/\/webmuseu.org\/recursos\/wp-json\/wp\/v2\/pages\/4907","targetHints":{"allow":["GET"]}}],"collection":[{"href":"https:\/\/webmuseu.org\/recursos\/wp-json\/wp\/v2\/pages"}],"about":[{"href":"https:\/\/webmuseu.org\/recursos\/wp-json\/wp\/v2\/types\/page"}],"author":[{"embeddable":true,"href":"https:\/\/webmuseu.org\/recursos\/wp-json\/wp\/v2\/users\/1"}],"replies":[{"embeddable":true,"href":"https:\/\/webmuseu.org\/recursos\/wp-json\/wp\/v2\/comments?post=4907"}],"version-history":[{"count":10,"href":"https:\/\/webmuseu.org\/recursos\/wp-json\/wp\/v2\/pages\/4907\/revisions"}],"predecessor-version":[{"id":4961,"href":"https:\/\/webmuseu.org\/recursos\/wp-json\/wp\/v2\/pages\/4907\/revisions\/4961"}],"wp:featuredmedia":[{"embeddable":true,"href":"https:\/\/webmuseu.org\/recursos\/wp-json\/wp\/v2\/media\/4453"}],"wp:attachment":[{"href":"https:\/\/webmuseu.org\/recursos\/wp-json\/wp\/v2\/media?parent=4907"}],"curies":[{"name":"wp","href":"https:\/\/api.w.org\/{rel}","templated":true}]}}